{"id":10125,"date":"2024-09-17T08:58:30","date_gmt":"2024-09-17T08:58:30","guid":{"rendered":"https:\/\/eventplanix.ch\/impressum\/"},"modified":"2024-09-18T14:54:37","modified_gmt":"2024-09-18T14:54:37","slug":"impressum","status":"publish","type":"page","link":"https:\/\/eventplanix.ch\/fr\/impressum\/","title":{"rendered":"Impressum"},"content":{"rendered":"\t\t<div data-elementor-type=\"wp-page\" data-elementor-id=\"10125\" class=\"elementor elementor-10125 elementor-9800\" data-elementor-post-type=\"page\">\n\t\t\t\t\t\t<section class=\"elementor-section elementor-top-section elementor-element elementor-element-5e97f6d elementor-section-boxed elementor-section-height-default elementor-section-height-default\" data-id=\"5e97f6d\" data-element_type=\"section\">\n\t\t\t\t\t\t<div class=\"elementor-container elementor-column-gap-no\">\n\t\t\t\t\t<div class=\"elementor-column elementor-col-100 elementor-top-column elementor-element elementor-element-41d4428\" data-id=\"41d4428\" data-element_type=\"column\">\n\t\t\t<div class=\"elementor-widget-wrap elementor-element-populated\">\n\t\t\t\t\t\t<div class=\"elementor-element elementor-element-7998210 elementor-invisible elementor-widget elementor-widget-heading\" data-id=\"7998210\" data-element_type=\"widget\" data-settings=\"{&quot;_animation&quot;:&quot;fadeIn&quot;,&quot;_animation_tablet&quot;:&quot;none&quot;,&quot;_animation_delay&quot;:300}\" data-widget_type=\"heading.default\">\n\t\t\t\t<div class=\"elementor-widget-container\">\n\t\t\t\t\t<h2 class=\"elementor-heading-title elementor-size-default\">Impressum<\/h2>\t\t\t\t<\/div>\n\t\t\t\t<\/div>\n\t\t\t\t\t<\/div>\n\t\t<\/div>\n\t\t\t\t\t<\/div>\n\t\t<\/section>\n\t\t\t\t<section class=\"elementor-section elementor-top-section elementor-element elementor-element-25329c8 elementor-section-boxed elementor-section-height-default elementor-section-height-default\" data-id=\"25329c8\" data-element_type=\"section\">\n\t\t\t\t\t\t<div class=\"elementor-container elementor-column-gap-no\">\n\t\t\t\t\t<div class=\"elementor-column elementor-col-100 elementor-top-column elementor-element elementor-element-2e6d164\" data-id=\"2e6d164\" data-element_type=\"column\">\n\t\t\t<div class=\"elementor-widget-wrap elementor-element-populated\">\n\t\t\t\t\t\t<div class=\"elementor-element elementor-element-55d468b elementor-widget elementor-widget-heading\" data-id=\"55d468b\" data-element_type=\"widget\" data-widget_type=\"heading.default\">\n\t\t\t\t<div class=\"elementor-widget-container\">\n\t\t\t\t\t<h3 class=\"elementor-heading-title elementor-size-default\">Stagend SA<\/h3>\t\t\t\t<\/div>\n\t\t\t\t<\/div>\n\t\t\t\t<div class=\"elementor-element elementor-element-275b00b elementor-widget__width-initial elementor-widget elementor-widget-text-editor\" data-id=\"275b00b\" data-element_type=\"widget\" data-widget_type=\"text-editor.default\">\n\t\t\t\t<div class=\"elementor-widget-container\">\n\t\t\t\t\t\t\t\t\t<p>UID : CHE-464.915.772<\/p><p>CH-ID : CH50140152934<\/p><p><span style=\"letter-spacing: var( --e-global-typography-vamtam_h5-letter-spacing ); text-transform: var( --e-global-typography-vamtam_h5-text-transform ); color: var( --e-global-color-vamtam_accent_3 );\">EHRA-ID : 1004128<\/span><\/p><p><span style=\"letter-spacing: var( --e-global-typography-vamtam_h5-letter-spacing ); text-transform: var( --e-global-typography-vamtam_h5-text-transform ); color: var( --e-global-color-vamtam_accent_3 );\">Forme juridique : Soci\u00e9t\u00e9 Anonyme (SA)<\/span><\/p><p><span style=\"letter-spacing: var( --e-global-typography-vamtam_h5-letter-spacing ); text-transform: var( --e-global-typography-vamtam_h5-text-transform ); color: var( --e-global-color-vamtam_accent_3 );\">Directeur G\u00e9n\u00e9ral : Marco Alberti<\/span><\/p><p><span style=\"letter-spacing: var( --e-global-typography-vamtam_h5-letter-spacing ); text-transform: var( --e-global-typography-vamtam_h5-text-transform ); color: var( --e-global-color-vamtam_accent_3 );\">(Si\u00e8ge social) Via G. Bagutti 10<\/span><\/p><p><span style=\"letter-spacing: var( --e-global-typography-vamtam_h5-letter-spacing ); text-transform: var( --e-global-typography-vamtam_h5-text-transform ); color: var( --e-global-color-vamtam_accent_3 );\">CH-6900 Lugano<\/span><\/p><p><span style=\"letter-spacing: var( --e-global-typography-vamtam_h5-letter-spacing ); text-transform: var( --e-global-typography-vamtam_h5-text-transform ); color: var( --e-global-color-vamtam_accent_3 );\">info@eventplanix.ch<\/span><\/p>\t\t\t\t\t\t\t\t<\/div>\n\t\t\t\t<\/div>\n\t\t\t\t\t<\/div>\n\t\t<\/div>\n\t\t\t\t\t<\/div>\n\t\t<\/section>\n\t\t\t\t<\/div>\n\t\t","protected":false},"excerpt":{"rendered":"<p>Impressum Stagend SA UID : CHE-464.915.772 CH-ID : CH50140152934 EHRA-ID : 1004128 Forme juridique : Soci\u00e9t\u00e9 Anonyme (SA) Directeur G\u00e9n\u00e9ral : Marco Alberti (Si\u00e8ge social) Via G. Bagutti 10 CH-6900 Lugano info@eventplanix.ch<\/p>\n","protected":false},"author":1,"featured_media":0,"parent":0,"menu_order":4,"comment_status":"closed","ping_status":"closed","template":"","meta":{"footnotes":""},"class_list":["post-10125","page","type-page","status-publish","hentry"],"_links":{"self":[{"href":"https:\/\/eventplanix.ch\/fr\/wp-json\/wp\/v2\/pages\/10125","targetHints":{"allow":["GET"]}}],"collection":[{"href":"https:\/\/eventplanix.ch\/fr\/wp-json\/wp\/v2\/pages"}],"about":[{"href":"https:\/\/eventplanix.ch\/fr\/wp-json\/wp\/v2\/types\/page"}],"author":[{"embeddable":true,"href":"https:\/\/eventplanix.ch\/fr\/wp-json\/wp\/v2\/users\/1"}],"replies":[{"embeddable":true,"href":"https:\/\/eventplanix.ch\/fr\/wp-json\/wp\/v2\/comments?post=10125"}],"version-history":[{"count":8,"href":"https:\/\/eventplanix.ch\/fr\/wp-json\/wp\/v2\/pages\/10125\/revisions"}],"predecessor-version":[{"id":10167,"href":"https:\/\/eventplanix.ch\/fr\/wp-json\/wp\/v2\/pages\/10125\/revisions\/10167"}],"wp:attachment":[{"href":"https:\/\/eventplanix.ch\/fr\/wp-json\/wp\/v2\/media?parent=10125"}],"curies":[{"name":"wp","href":"https:\/\/api.w.org\/{rel}","templated":true}]}}